{"id":6,"date":"2017-11-14T14:58:21","date_gmt":"2017-11-14T13:58:21","guid":{"rendered":"https:\/\/www.isbolagen.se\/?page_id=6"},"modified":"2026-03-24T15:07:59","modified_gmt":"2026-03-24T15:07:59","slug":"contact","status":"publish","type":"page","link":"https:\/\/lsbolagen.com\/index.php\/contact\/","title":{"rendered":"Contact"},"content":{"rendered":"\t\t<div data-elementor-type=\"wp-page\" data-elementor-id=\"6\" class=\"elementor elementor-6\" data-elementor-post-type=\"page\">\n\t\t\t\t\t\t<section class=\"elementor-section elementor-top-section elementor-element elementor-element-1d80d4bf elementor-section-boxed elementor-section-height-default elementor-section-height-default\" data-id=\"1d80d4bf\" data-element_type=\"section\" data-e-type=\"section\">\n\t\t\t\t\t\t<div class=\"elementor-container elementor-column-gap-default\">\n\t\t\t\t\t<div class=\"elementor-column elementor-col-100 elementor-top-column elementor-element elementor-element-6e9fbcab\" data-id=\"6e9fbcab\" data-element_type=\"column\" data-e-type=\"column\">\n\t\t\t<div class=\"elementor-widget-wrap elementor-element-populated\">\n\t\t\t\t\t\t<div class=\"elementor-element elementor-element-43b9e6bc elementor-widget elementor-widget-text-editor\" data-id=\"43b9e6bc\" data-element_type=\"widget\" data-e-type=\"widget\" data-widget_type=\"text-editor.default\">\n\t\t\t\t<div class=\"elementor-widget-container\">\n\t\t\t\t\t\t\t\t\t<section id=\"builder-section-banner_11\" class=\"builder-section-first builder-section builder-section-banner builder-section-next-text builder-section-full-width\" style=\"background-size: cover; background-repeat: no-repeat; background-position: center center;\"><div class=\"builder-section-content\"><div class=\"builder-banner-slide content-position-none\" style=\"background-image: url('https:\/\/www.lsbolagen.com\/wp-content\/uploads\/2017\/11\/contact.jpg');\"><div class=\"builder-banner-content\"><div class=\"builder-banner-inner-content\">\u00a0<\/div><\/div><\/div><\/div><\/section><section id=\"builder-section-text_25\" class=\"builder-section-prev-banner builder-section builder-section-text builder-section-next-text builder-text-columns-2\" style=\"background-size: cover; background-repeat: no-repeat; background-position: center center;\"><div class=\"builder-section-content\"><div class=\"builder-text-row\"><div id=\"builder-section-text_25-column-1\" class=\"builder-text-column builder-text-column-1\"><div class=\"builder-text-content\"><p style=\"text-align: center;\"><strong>CONTACT US<\/strong><br \/>010 -10 11 656<br \/><a href=\"mailto:info@lsbolagen.se\">info@lsbolagen.se<\/a><br \/>Org.nr. 556762-7392<\/p><p style=\"text-align: center;\"><strong>ADDRESS<\/strong><br \/>Lindstr\u00f6m &amp; Sond\u00e9n AB<br \/>Havsbadsv\u00e4gen 1, 262 63<br \/>\u00c4NGELHOLM, SWEDEN<\/p><\/div><\/div><div id=\"builder-section-text_25-column-2\" class=\"builder-text-column builder-text-column-2\"><div class=\"builder-text-content\"><p><iframe style=\"border: none;\" src=\"https:\/\/snazzymaps.com\/embed\/30705\" width=\"100%\" height=\"350px\"><\/iframe><\/p><\/div><\/div><\/div><\/div><\/section><section id=\"builder-section-text_45\" class=\"builder-section-prev-text builder-section builder-section-text builder-section-last builder-text-columns-3\" style=\"background-size: cover; background-repeat: no-repeat; background-position: center center;\"><div class=\"builder-section-content\"><div class=\"builder-text-row\"><div id=\"builder-section-text_45-column-1\" class=\"builder-text-column builder-text-column-1\"><div class=\"builder-text-content\"><p><a href=\"http:\/\/lsbolagen.com\/index.php\/contact\/work-with-us\/\"><img fetchpriority=\"high\" decoding=\"async\" class=\"alignnone wp-image-132 size-full\" src=\"http:\/\/lsbolagen.com\/wp-content\/uploads\/2017\/11\/Group-11.png\" alt=\"\" width=\"387\" height=\"305\" srcset=\"https:\/\/lsbolagen.com\/wp-content\/uploads\/2017\/11\/Group-11.png 387w, https:\/\/lsbolagen.com\/wp-content\/uploads\/2017\/11\/Group-11-300x236.png 300w\" sizes=\"(max-width: 387px) 100vw, 387px\" \/><\/a><\/p><\/div><\/div><div id=\"builder-section-text_45-column-2\" class=\"builder-text-column builder-text-column-2\"><div class=\"builder-text-content\"><p><a href=\"http:\/\/lsbolagen.com\/index.php\/showrooms\/\"><img decoding=\"async\" class=\"alignnone wp-image-611 size-full\" src=\"http:\/\/lsbolagen.com\/wp-content\/uploads\/2017\/11\/Group-26.png\" alt=\"\" width=\"385\" height=\"310\" srcset=\"https:\/\/lsbolagen.com\/wp-content\/uploads\/2017\/11\/Group-26.png 385w, https:\/\/lsbolagen.com\/wp-content\/uploads\/2017\/11\/Group-26-300x242.png 300w\" sizes=\"(max-width: 385px) 100vw, 385px\" \/><\/a><\/p><\/div><\/div><div id=\"builder-section-text_45-column-3\" class=\"builder-text-column builder-text-column-3\"><div class=\"builder-text-content\"><p><a href=\"https:\/\/lsbolagen.com\/index.php\/our-catalogues\/\" target=\"_blank\" rel=\"noopener noreferrer\"><img decoding=\"async\" class=\"alignnone wp-image-128 size-full\" src=\"http:\/\/lsbolagen.com\/wp-content\/uploads\/2017\/11\/Group-10.png\" alt=\"\" width=\"387\" height=\"309\" srcset=\"https:\/\/lsbolagen.com\/wp-content\/uploads\/2017\/11\/Group-10.png 387w, https:\/\/lsbolagen.com\/wp-content\/uploads\/2017\/11\/Group-10-300x240.png 300w\" sizes=\"(max-width: 387px) 100vw, 387px\" \/><\/a><\/p><\/div><\/div><\/div><\/div><\/section>\t\t\t\t\t\t\t\t<\/div>\n\t\t\t\t<\/div>\n\t\t\t\t\t<\/div>\n\t\t<\/div>\n\t\t\t\t\t<\/div>\n\t\t<\/section>\n\t\t\t\t<\/div>\n\t\t","protected":false},"excerpt":{"rendered":"<p>\u00a0 CONTACT US010 -10 11 656info@lsbolagen.seOrg.nr. 556762-7392 ADDRESSLindstr\u00f6m &amp; Sond\u00e9n ABHavsbadsv\u00e4gen 1, 262 63\u00c4NGELHOLM, SWEDEN<\/p>\n","protected":false},"author":1,"featured_media":0,"parent":0,"menu_order":0,"comment_status":"closed","ping_status":"closed","template":"template-builder.php","meta":{"_monsterinsights_skip_tracking":false,"_monsterinsights_sitenote_active":false,"_monsterinsights_sitenote_note":"","_monsterinsights_sitenote_category":0,"footnotes":""},"class_list":["post-6","page","type-page","status-publish","hentry"],"rttpg_featured_image_url":null,"rttpg_author":{"display_name":"user","author_link":"https:\/\/lsbolagen.com\/index.php\/author\/user\/"},"rttpg_comment":0,"rttpg_category":null,"rttpg_excerpt":"\u00a0 CONTACT US010 -10 11 656info@lsbolagen.seOrg.nr. 556762-7392 ADDRESSLindstr\u00f6m &amp; Sond\u00e9n ABHavsbadsv\u00e4gen 1, 262 63\u00c4NGELHOLM, SWEDEN","_links":{"self":[{"href":"https:\/\/lsbolagen.com\/index.php\/wp-json\/wp\/v2\/pages\/6","targetHints":{"allow":["GET"]}}],"collection":[{"href":"https:\/\/lsbolagen.com\/index.php\/wp-json\/wp\/v2\/pages"}],"about":[{"href":"https:\/\/lsbolagen.com\/index.php\/wp-json\/wp\/v2\/types\/page"}],"author":[{"embeddable":true,"href":"https:\/\/lsbolagen.com\/index.php\/wp-json\/wp\/v2\/users\/1"}],"replies":[{"embeddable":true,"href":"https:\/\/lsbolagen.com\/index.php\/wp-json\/wp\/v2\/comments?post=6"}],"version-history":[{"count":12,"href":"https:\/\/lsbolagen.com\/index.php\/wp-json\/wp\/v2\/pages\/6\/revisions"}],"predecessor-version":[{"id":1051,"href":"https:\/\/lsbolagen.com\/index.php\/wp-json\/wp\/v2\/pages\/6\/revisions\/1051"}],"wp:attachment":[{"href":"https:\/\/lsbolagen.com\/index.php\/wp-json\/wp\/v2\/media?parent=6"}],"curies":[{"name":"wp","href":"https:\/\/api.w.org\/{rel}","templated":true}]}}