{"id":590,"date":"2017-11-24T14:10:14","date_gmt":"2017-11-24T13:10:14","guid":{"rendered":"https:\/\/www.isbolagen.se\/?page_id=590"},"modified":"2026-03-24T15:56:47","modified_gmt":"2026-03-24T15:56:47","slug":"showrooms","status":"publish","type":"page","link":"http:\/\/lsbolagen.com\/index.php\/showrooms\/","title":{"rendered":"Showrooms"},"content":{"rendered":"<section id=\"builder-section-banner_11\" class=\"builder-section-first builder-section builder-section-banner builder-section-next-text builder-section-full-width\" style=\"background-size: cover; background-repeat: no-repeat;background-position: center center;\">\n<div class=\"builder-section-content\">\n<div class=\"builder-banner-slide content-position-none\" style=\"background-image: url(&#039;http:\/\/lsbolagen.com\/wp-content\/uploads\/2017\/11\/showroom.jpg&#039;);\">\n<div class=\"builder-banner-content\">\n<div class=\"builder-banner-inner-content\">\n\t\t\t\t\t\t\t\t\t<\/div>\n<\/p><\/div>\n<\/p><\/div>\n<\/p><\/div>\n<\/section>\n<section id=\"builder-section-text_51\" class=\"builder-section-prev-banner builder-section builder-section-text builder-section-next-text builder-text-columns-1\" style=\"background-size: cover; background-repeat: no-repeat;background-position: center center;\">\n<div class=\"builder-section-content\">\n<div class=\"builder-text-row\">\n<div class=\"builder-text-column builder-text-column-1\" id=\"builder-section-text_51-column-1\">\n<div class=\"builder-text-content\">\n<h3 style=\"text-align: center;\"><strong>SHOWROOMS<\/strong><\/h3>\n<\/p><\/div>\n<\/p><\/div>\n<\/p><\/div>\n<div class=\"builder-text-row\">\n<div class=\"builder-text-column builder-text-column-2\" id=\"builder-section-text_51-column-1\">\n<div class=\"builder-text-content\">\n<p><center>Our head office is located in \u00c4ngelholm, Southern Sweden. We do have retailers across Europe so please contact us to find one close to you.<\/center><\/p>\n<\/p><\/div>\n<\/p><\/div>\n<\/p><\/div>\n<div class=\"builder-text-row\">\n<div class=\"builder-text-column builder-text-column-3\" id=\"builder-section-text_51-column-1\">\n<div class=\"builder-text-content\">\n<p><a href=\"https:\/\/www.google.se\/maps\/place\/Havsbadsv%C3%A4gen,+%C3%84ngelholm\/@56.2531922,12.847534,17z\/data=!3m1!4b1!4m5!3m4!1s0x465180780593df37:0x8e42a2be019dce3c!8m2!3d56.2531892!4d12.8497227?hl=sv\" target=\"_blank\" rel=\"noopener\"><img decoding=\"async\" class=\"alignnone size-full wp-image-595 aligncenter\" src=\"http:\/\/www.isbolagen.se\/wp-content\/uploads\/2017\/11\/sweden.png\" alt=\"\" width=\"500\" height=\"auto\" srcset=\"http:\/\/lsbolagen.com\/wp-content\/uploads\/2017\/11\/sweden.png 384w, http:\/\/lsbolagen.com\/wp-content\/uploads\/2017\/11\/sweden-300x239.png 300w\" sizes=\"(max-width: 384px) 100vw, 384px\" \/><\/a><\/p>\n<p style=\"text-align: center;\"><strong>ADDRESS<\/strong><br \/> Lindstr\u00f6m &amp; Sond\u00e9n AB<br \/> Havsbadsv\u00e4gen, ,262 63<br \/> \u00c4NGELHOLM, SWEDEN<br \/> 010 -10 11 656<\/p>\n<\/p><\/div>\n<\/p><\/div>\n<\/p><\/div>\n<\/p><\/div>\n<\/section>\n<section id=\"builder-section-text_25\" class=\"builder-section-prev-text builder-section builder-section-text builder-section-last builder-text-columns-2\" style=\"background-size: cover; background-repeat: no-repeat;background-position: center center;\">\n<div class=\"builder-section-content\">\n<div class=\"builder-text-row\">\n<div class=\"builder-text-column builder-text-column-1\" id=\"builder-section-text_25-column-1\">\n<div class=\"builder-text-content\">\n\t\t\t\t\t\t\t\t\t\t\t<\/div>\n<\/p><\/div>\n<div class=\"builder-text-column builder-text-column-2\" id=\"builder-section-text_25-column-2\">\n<div class=\"builder-text-content\">\n\t\t\t\t\t\t\t\t\t\t\t<\/div>\n<\/p><\/div>\n<\/p><\/div>\n<\/p><\/div>\n<\/section>\n","protected":false},"excerpt":{"rendered":"<p>SHOWROOMS Our head office is located in \u00c4ngelholm, Southern Sweden. We do have retailers across Europe so please contact us to find one close to you. ADDRESS Lindstr\u00f6m &amp; Sond\u00e9n AB Havsbadsv\u00e4gen, ,262 63 \u00c4NGELHOLM, SWEDEN 010 -10 11 656<\/p>\n","protected":false},"author":1,"featured_media":0,"parent":0,"menu_order":0,"comment_status":"closed","ping_status":"closed","template":"template-builder.php","meta":{"_monsterinsights_skip_tracking":false,"_monsterinsights_sitenote_active":false,"_monsterinsights_sitenote_note":"","_monsterinsights_sitenote_category":0,"footnotes":""},"class_list":["post-590","page","type-page","status-publish","hentry"],"rttpg_featured_image_url":null,"rttpg_author":{"display_name":"user","author_link":"http:\/\/lsbolagen.com\/index.php\/author\/user\/"},"rttpg_comment":0,"rttpg_category":null,"rttpg_excerpt":"SHOWROOMS Our head office is located in \u00c4ngelholm, Southern Sweden. We do have retailers across Europe so please contact us to find one close to you. ADDRESS Lindstr\u00f6m &amp; Sond\u00e9n AB Havsbadsv\u00e4gen, ,262 63 \u00c4NGELHOLM, SWEDEN 010 -10 11 656","_links":{"self":[{"href":"http:\/\/lsbolagen.com\/index.php\/wp-json\/wp\/v2\/pages\/590","targetHints":{"allow":["GET"]}}],"collection":[{"href":"http:\/\/lsbolagen.com\/index.php\/wp-json\/wp\/v2\/pages"}],"about":[{"href":"http:\/\/lsbolagen.com\/index.php\/wp-json\/wp\/v2\/types\/page"}],"author":[{"embeddable":true,"href":"http:\/\/lsbolagen.com\/index.php\/wp-json\/wp\/v2\/users\/1"}],"replies":[{"embeddable":true,"href":"http:\/\/lsbolagen.com\/index.php\/wp-json\/wp\/v2\/comments?post=590"}],"version-history":[{"count":2,"href":"http:\/\/lsbolagen.com\/index.php\/wp-json\/wp\/v2\/pages\/590\/revisions"}],"predecessor-version":[{"id":1067,"href":"http:\/\/lsbolagen.com\/index.php\/wp-json\/wp\/v2\/pages\/590\/revisions\/1067"}],"wp:attachment":[{"href":"http:\/\/lsbolagen.com\/index.php\/wp-json\/wp\/v2\/media?parent=590"}],"curies":[{"name":"wp","href":"https:\/\/api.w.org\/{rel}","templated":true}]}}